{"id":15227,"date":"2022-07-27T15:14:02","date_gmt":"2022-07-27T15:14:02","guid":{"rendered":"https:\/\/futurewebtestingnow.online\/?page_id=15227"},"modified":"2025-08-04T10:57:06","modified_gmt":"2025-08-04T17:57:06","slug":"our-physicians","status":"publish","type":"page","link":"https:\/\/clinicasmisalud.com\/es\/our-physicians\/","title":{"rendered":"Nuestros Especialistas"},"content":{"rendered":"<div data-elementor-type=\"wp-page\" data-elementor-id=\"15227\" class=\"elementor elementor-15227\">\n\t\t\t\t        <section class=\"elementor-section elementor-top-section elementor-element elementor-element-9c597ae elementor-section-stretched elementor-section-boxed elementor-section-height-default elementor-section-height-default\" data-id=\"9c597ae\" data-element_type=\"section\" data-settings=\"{&quot;stretch_section&quot;:&quot;section-stretched&quot;,&quot;background_background&quot;:&quot;classic&quot;}\">\r\n\t\t            <div class=\"elementor-background-overlay\"><\/div>\r\n\t\t        <div class=\"elementor-container elementor-column-gap-default\" >\r\n\t\t        <div class=\"elementor-column elementor-col-100 elementor-top-column elementor-element elementor-element-98e7108\" data-id=\"98e7108\" data-element_type=\"column\">\r\n            <div class=\"elementor-widget-wrap elementor-element-populated\">\r\n                        <section class=\"elementor-section elementor-inner-section elementor-element elementor-element-bcdfe34 elementor-section-boxed elementor-section-height-default elementor-section-height-default\" data-id=\"bcdfe34\" data-element_type=\"section\">\r\n\t\t        <div class=\"elementor-container elementor-column-gap-default\" >\r\n\t\t        <div class=\"elementor-column elementor-col-50 elementor-inner-column elementor-element elementor-element-91a03bb\" data-id=\"91a03bb\" data-element_type=\"column\">\r\n            <div class=\"elementor-widget-wrap elementor-element-populated\">\r\n                \t\t<div class=\"elementor-element elementor-element-c2e5018 elementor-widget elementor-widget-cms_heading\" data-id=\"c2e5018\" data-element_type=\"widget\" data-widget_type=\"cms_heading.default\">\n\t\t\t\t<div class=\"elementor-widget-container\">\n\t\t\t<div class=\"cms-heading-wrapper cms-heading-layout1\">\r\n    \r\n            <h2 class=\"custom-heading\">\r\n            <span >Contamos con especialistas de alta calidad<\/span>\r\n        <\/h2>\r\n        \r\n    <\/div>\t\t<\/div>\n\t\t\t\t<\/div>\n\t\t            <\/div>\r\n        <\/div>\r\n                <div class=\"elementor-column elementor-col-50 elementor-inner-column elementor-element elementor-element-b44bc93\" data-id=\"b44bc93\" data-element_type=\"column\">\r\n            <div class=\"elementor-widget-wrap\">\r\n                            <\/div>\r\n        <\/div>\r\n        \t\t\t<\/div>\r\n\t\t<\/section>\r\n\t\t        <section class=\"elementor-section elementor-inner-section elementor-element elementor-element-f66a648 elementor-section-boxed elementor-section-height-default elementor-section-height-default\" data-id=\"f66a648\" data-element_type=\"section\">\r\n\t\t        <div class=\"elementor-container elementor-column-gap-default\" >\r\n\t\t        <div class=\"elementor-column elementor-col-100 elementor-inner-column elementor-element elementor-element-b74e0e1\" data-id=\"b74e0e1\" data-element_type=\"column\">\r\n            <div class=\"elementor-widget-wrap elementor-element-populated\">\r\n                \t\t<div class=\"elementor-element elementor-element-a0970b7 elementor-widget elementor-widget-cms_breadcrumb\" data-id=\"a0970b7\" data-element_type=\"widget\" data-widget_type=\"cms_breadcrumb.default\">\n\t\t\t\t<div class=\"elementor-widget-container\">\n\t\t\t<ul class=\"cms-breadcrumb\"><li><span class=\"breadcrumb-entry\">Home<\/span><\/li><\/ul>\t\t<\/div>\n\t\t\t\t<\/div>\n\t\t            <\/div>\r\n        <\/div>\r\n        \t\t\t<\/div>\r\n\t\t<\/section>\r\n\t\t            <\/div>\r\n        <\/div>\r\n        \t\t\t<\/div>\r\n\t\t<\/section>\r\n\t\t        <section class=\"elementor-section elementor-top-section elementor-element elementor-element-d5469cf elementor-section-boxed elementor-section-height-default elementor-section-height-default\" data-id=\"d5469cf\" data-element_type=\"section\">\r\n\t\t        <div class=\"elementor-container elementor-column-gap-default\" >\r\n\t\t        <div class=\"elementor-column elementor-col-100 elementor-top-column elementor-element elementor-element-f648605\" data-id=\"f648605\" data-element_type=\"column\">\r\n            <div class=\"elementor-widget-wrap elementor-element-populated\">\r\n                \t\t<div class=\"elementor-element elementor-element-7beb89a elementor-widget elementor-widget-cms_doctor_grid\" data-id=\"7beb89a\" data-element_type=\"widget\" data-widget_type=\"cms_doctor_grid.default\">\n\t\t\t\t<div class=\"elementor-widget-container\">\n\t\t\t\r\n<div id=\"cms_doctor_grid-7beb89a\" class=\"cms-grid cms-doctor-grid layout3\" data-layout=\"masonry\" data-start-page=\"1\" data-max-pages=\"1\" data-total=\"1\" data-perpage=\"4\" data-next-link=\"\">\r\n    <div class=\"cms-grid-overlay\"><\/div>\r\n    \r\n    <div class=\"cms-grid-inner cms-grid-masonry row animation-time\" data-gutter=\"15\">\r\n                    <div class=\"grid-sizer col-xl-6 col-lg-6 col-md-6 col-sm-6 col-12\"><\/div>\r\n                                <div class=\"grid-item col-xl-6 col-lg-6 col-md-6 col-sm-6 col-12\">\r\n                    <div class=\"grid-item-inner\">\r\n                                                    <div class=\"entry-featured\">\r\n                                <a href=\"https:\/\/clinicasmisalud.com\/es\/doctor\/augusto-focil\/\"><img fetchpriority=\"high\" decoding=\"async\" width=\"600\" height=\"600\" src=\"https:\/\/clinicasmisalud.com\/wp-content\/uploads\/2020\/11\/focil_web.png\" class=\"attachment-full\" alt=\"\" \/><\/a>\r\n                            <\/div>\r\n                        \r\n                        <div class=\"entry-body\">\r\n                            <h3 class=\"entry-title\">\r\n                                <a href=\"https:\/\/clinicasmisalud.com\/es\/doctor\/augusto-focil\/\">Augusto Focil, MD, MPH<\/a>\r\n                            <\/h3>\r\n                                                            <div class=\"item-category\">\r\n                                    <a href=\"https:\/\/clinicasmisalud.com\/es\/doctor-category\/medical-director\/\" rel=\"tag\">Director M\u00e9dico<\/a>                                <\/div>\r\n                                                                                        <div class=\"entry-content\">\r\n                                    El Dr. Augusto E. Focil es un internista en Oxnard, California. Recibi\u00f3 su t\u00edtulo de m\u00e9dico de la Universidad Cat\u00f3lica de Santiago de Guayaquil                                <\/div>\r\n                                                                                        <div class=\"entry-readmore\">\r\n                                    <a class=\"btn\" href=\"https:\/\/clinicasmisalud.com\/es\/doctor\/augusto-focil\/\">\r\n                                        <span>Leer M\u00e1s<\/span>\r\n                                        <i class=\"far fa-arrow-right\"><\/i>\r\n                                    <\/a>\r\n                                <\/div>\r\n                                                    <\/div>\r\n                    <\/div>\r\n                <\/div>\r\n                <\/div>\r\n        <\/div>\t\t<\/div>\n\t\t\t\t<\/div>\n\t\t            <\/div>\r\n        <\/div>\r\n        \t\t\t<\/div>\r\n\t\t<\/section>\r\n\t\t\t\t<\/div>","protected":false},"excerpt":{"rendered":"<p>We have high-quality specialists Home Augusto Focil, MD, MPH Medical Director Dr. Augusto E. Focil is an internist in Oxnard, California. He received his medical degree from Universidad Catolica de Santiago de Guayaquil and has been in. Read More Tahmores Matin, MD Family Medicine Dr. Tahmores Matin, M.D., is a Board Eligible Physician and Surgeon [&hellip;]<\/p>","protected":false},"author":1,"featured_media":13810,"parent":0,"menu_order":0,"comment_status":"closed","ping_status":"closed","template":"","meta":{"footnotes":""},"class_list":["post-15227","page","type-page","status-publish","has-post-thumbnail","hentry"],"yoast_head":"<!-- This site is optimized with the Yoast SEO plugin v23.0 - https:\/\/yoast.com\/wordpress\/plugins\/seo\/ -->\n<title>About CMS Specialists | Dr. Augusto FociL<\/title>\n<meta name=\"description\" content=\"Clinicas Mi Salud have specialists with extensive experience in their therapeutic areas. For More information about our expertise, Click Here!\" \/>\n<meta name=\"robots\" content=\"index, follow, max-snippet:-1, max-image-preview:large, max-video-preview:-1\" \/>\n<link rel=\"canonical\" href=\"https:\/\/clinicasmisalud.com\/es\/our-physicians\/\" \/>\n<meta property=\"og:locale\" content=\"es_MX\" \/>\n<meta property=\"og:type\" content=\"article\" \/>\n<meta property=\"og:title\" content=\"About CMS Specialists | Dr. Augusto FociL\" \/>\n<meta property=\"og:description\" content=\"Clinicas Mi Salud have specialists with extensive experience in their therapeutic areas. For More information about our expertise, Click Here!\" \/>\n<meta property=\"og:url\" content=\"https:\/\/clinicasmisalud.com\/es\/our-physicians\/\" \/>\n<meta property=\"og:site_name\" content=\"Clinicas Mi Salud\" \/>\n<meta property=\"article:publisher\" content=\"https:\/\/www.facebook.com\/FocilMed\" \/>\n<meta property=\"article:modified_time\" content=\"2025-08-04T17:57:06+00:00\" \/>\n<meta property=\"og:image\" content=\"https:\/\/clinicasmisalud.com\/wp-content\/uploads\/2022\/07\/happy-medical-team-using-laptop-together-scaled.jpg\" \/>\n\t<meta property=\"og:image:width\" content=\"2560\" \/>\n\t<meta property=\"og:image:height\" content=\"1707\" \/>\n\t<meta property=\"og:image:type\" content=\"image\/jpeg\" \/>\n<meta name=\"twitter:card\" content=\"summary_large_image\" \/>\n<meta name=\"twitter:label1\" content=\"Tiempo de lectura\" \/>\n\t<meta name=\"twitter:data1\" content=\"1 minuto\" \/>\n<script type=\"application\/ld+json\" class=\"yoast-schema-graph\">{\"@context\":\"https:\/\/schema.org\",\"@graph\":[{\"@type\":\"WebPage\",\"@id\":\"https:\/\/clinicasmisalud.com\/our-physicians\/\",\"url\":\"https:\/\/clinicasmisalud.com\/our-physicians\/\",\"name\":\"About CMS Specialists | Dr. Augusto FociL\",\"isPartOf\":{\"@id\":\"https:\/\/clinicasmisalud.com\/#website\"},\"primaryImageOfPage\":{\"@id\":\"https:\/\/clinicasmisalud.com\/our-physicians\/#primaryimage\"},\"image\":{\"@id\":\"https:\/\/clinicasmisalud.com\/our-physicians\/#primaryimage\"},\"thumbnailUrl\":\"https:\/\/clinicasmisalud.com\/wp-content\/uploads\/2022\/07\/happy-medical-team-using-laptop-together-scaled.jpg\",\"datePublished\":\"2022-07-27T15:14:02+00:00\",\"dateModified\":\"2025-08-04T17:57:06+00:00\",\"description\":\"Clinicas Mi Salud have specialists with extensive experience in their therapeutic areas. For More information about our expertise, Click Here!\",\"breadcrumb\":{\"@id\":\"https:\/\/clinicasmisalud.com\/our-physicians\/#breadcrumb\"},\"inLanguage\":\"es\",\"potentialAction\":[{\"@type\":\"ReadAction\",\"target\":[\"https:\/\/clinicasmisalud.com\/our-physicians\/\"]}]},{\"@type\":\"ImageObject\",\"inLanguage\":\"es\",\"@id\":\"https:\/\/clinicasmisalud.com\/our-physicians\/#primaryimage\",\"url\":\"https:\/\/clinicasmisalud.com\/wp-content\/uploads\/2022\/07\/happy-medical-team-using-laptop-together-scaled.jpg\",\"contentUrl\":\"https:\/\/clinicasmisalud.com\/wp-content\/uploads\/2022\/07\/happy-medical-team-using-laptop-together-scaled.jpg\",\"width\":2560,\"height\":1707,\"caption\":\"Our Physicians\"},{\"@type\":\"BreadcrumbList\",\"@id\":\"https:\/\/clinicasmisalud.com\/our-physicians\/#breadcrumb\",\"itemListElement\":[{\"@type\":\"ListItem\",\"position\":1,\"name\":\"Home\",\"item\":\"https:\/\/clinicasmisalud.com\/\"},{\"@type\":\"ListItem\",\"position\":2,\"name\":\"Our Physicians\"}]},{\"@type\":\"WebSite\",\"@id\":\"https:\/\/clinicasmisalud.com\/#website\",\"url\":\"https:\/\/clinicasmisalud.com\/\",\"name\":\"Clinicas Mi Salud\",\"description\":\"Caring your health over 30 years\",\"potentialAction\":[{\"@type\":\"SearchAction\",\"target\":{\"@type\":\"EntryPoint\",\"urlTemplate\":\"https:\/\/clinicasmisalud.com\/?s={search_term_string}\"},\"query-input\":\"required name=search_term_string\"}],\"inLanguage\":\"es\"}]}<\/script>\n<!-- \/ Yoast SEO plugin. -->","yoast_head_json":{"title":"About CMS Specialists | Dr. Augusto FociL","description":"Clinicas Mi Salud have specialists with extensive experience in their therapeutic areas. For More information about our expertise, Click Here!","robots":{"index":"index","follow":"follow","max-snippet":"max-snippet:-1","max-image-preview":"max-image-preview:large","max-video-preview":"max-video-preview:-1"},"canonical":"https:\/\/clinicasmisalud.com\/es\/our-physicians\/","og_locale":"es_MX","og_type":"article","og_title":"About CMS Specialists | Dr. Augusto FociL","og_description":"Clinicas Mi Salud have specialists with extensive experience in their therapeutic areas. For More information about our expertise, Click Here!","og_url":"https:\/\/clinicasmisalud.com\/es\/our-physicians\/","og_site_name":"Clinicas Mi Salud","article_publisher":"https:\/\/www.facebook.com\/FocilMed","article_modified_time":"2025-08-04T17:57:06+00:00","og_image":[{"width":2560,"height":1707,"url":"https:\/\/clinicasmisalud.com\/wp-content\/uploads\/2022\/07\/happy-medical-team-using-laptop-together-scaled.jpg","type":"image\/jpeg"}],"twitter_card":"summary_large_image","twitter_misc":{"Tiempo de lectura":"1 minuto"},"schema":{"@context":"https:\/\/schema.org","@graph":[{"@type":"WebPage","@id":"https:\/\/clinicasmisalud.com\/our-physicians\/","url":"https:\/\/clinicasmisalud.com\/our-physicians\/","name":"About CMS Specialists | Dr. Augusto FociL","isPartOf":{"@id":"https:\/\/clinicasmisalud.com\/#website"},"primaryImageOfPage":{"@id":"https:\/\/clinicasmisalud.com\/our-physicians\/#primaryimage"},"image":{"@id":"https:\/\/clinicasmisalud.com\/our-physicians\/#primaryimage"},"thumbnailUrl":"https:\/\/clinicasmisalud.com\/wp-content\/uploads\/2022\/07\/happy-medical-team-using-laptop-together-scaled.jpg","datePublished":"2022-07-27T15:14:02+00:00","dateModified":"2025-08-04T17:57:06+00:00","description":"Clinicas Mi Salud have specialists with extensive experience in their therapeutic areas. For More information about our expertise, Click Here!","breadcrumb":{"@id":"https:\/\/clinicasmisalud.com\/our-physicians\/#breadcrumb"},"inLanguage":"es","potentialAction":[{"@type":"ReadAction","target":["https:\/\/clinicasmisalud.com\/our-physicians\/"]}]},{"@type":"ImageObject","inLanguage":"es","@id":"https:\/\/clinicasmisalud.com\/our-physicians\/#primaryimage","url":"https:\/\/clinicasmisalud.com\/wp-content\/uploads\/2022\/07\/happy-medical-team-using-laptop-together-scaled.jpg","contentUrl":"https:\/\/clinicasmisalud.com\/wp-content\/uploads\/2022\/07\/happy-medical-team-using-laptop-together-scaled.jpg","width":2560,"height":1707,"caption":"Our Physicians"},{"@type":"BreadcrumbList","@id":"https:\/\/clinicasmisalud.com\/our-physicians\/#breadcrumb","itemListElement":[{"@type":"ListItem","position":1,"name":"Home","item":"https:\/\/clinicasmisalud.com\/"},{"@type":"ListItem","position":2,"name":"Our Physicians"}]},{"@type":"WebSite","@id":"https:\/\/clinicasmisalud.com\/#website","url":"https:\/\/clinicasmisalud.com\/","name":"Clinicas Mi Salud","description":"Caring your health over 30 years","potentialAction":[{"@type":"SearchAction","target":{"@type":"EntryPoint","urlTemplate":"https:\/\/clinicasmisalud.com\/?s={search_term_string}"},"query-input":"required name=search_term_string"}],"inLanguage":"es"}]}},"_links":{"self":[{"href":"https:\/\/clinicasmisalud.com\/es\/wp-json\/wp\/v2\/pages\/15227","targetHints":{"allow":["GET"]}}],"collection":[{"href":"https:\/\/clinicasmisalud.com\/es\/wp-json\/wp\/v2\/pages"}],"about":[{"href":"https:\/\/clinicasmisalud.com\/es\/wp-json\/wp\/v2\/types\/page"}],"author":[{"embeddable":true,"href":"https:\/\/clinicasmisalud.com\/es\/wp-json\/wp\/v2\/users\/1"}],"replies":[{"embeddable":true,"href":"https:\/\/clinicasmisalud.com\/es\/wp-json\/wp\/v2\/comments?post=15227"}],"version-history":[{"count":10,"href":"https:\/\/clinicasmisalud.com\/es\/wp-json\/wp\/v2\/pages\/15227\/revisions"}],"predecessor-version":[{"id":47917,"href":"https:\/\/clinicasmisalud.com\/es\/wp-json\/wp\/v2\/pages\/15227\/revisions\/47917"}],"wp:featuredmedia":[{"embeddable":true,"href":"https:\/\/clinicasmisalud.com\/es\/wp-json\/wp\/v2\/media\/13810"}],"wp:attachment":[{"href":"https:\/\/clinicasmisalud.com\/es\/wp-json\/wp\/v2\/media?parent=15227"}],"curies":[{"name":"wp","href":"https:\/\/api.w.org\/{rel}","templated":true}]}}