{"id":14844,"date":"2022-07-20T20:48:08","date_gmt":"2022-07-20T20:48:08","guid":{"rendered":"https:\/\/futurewebtestingnow.online\/?page_id=14844"},"modified":"2024-07-03T09:34:34","modified_gmt":"2024-07-03T16:34:34","slug":"aesthetic-care","status":"publish","type":"page","link":"https:\/\/clinicasmisalud.com\/es\/aesthetic-care\/","title":{"rendered":"Cuidados Est\u00e9ticos"},"content":{"rendered":"<div data-elementor-type=\"wp-page\" data-elementor-id=\"14844\" class=\"elementor elementor-14844\">\n\t\t\t\t        <section class=\"elementor-section elementor-top-section elementor-element elementor-element-7abe1e9 elementor-section-boxed elementor-section-height-default elementor-section-height-default\" data-id=\"7abe1e9\" data-element_type=\"section\">\r\n\t\t        <div class=\"elementor-container elementor-column-gap-default\" >\r\n\t\t        <div class=\"elementor-column elementor-col-100 elementor-top-column elementor-element elementor-element-0cf232d\" data-id=\"0cf232d\" data-element_type=\"column\">\r\n            <div class=\"elementor-widget-wrap elementor-element-populated\">\r\n                \t\t<div class=\"elementor-element elementor-element-fba51bb elementor-widget elementor-widget-spacer\" data-id=\"fba51bb\" data-element_type=\"widget\" data-widget_type=\"spacer.default\">\n\t\t\t\t<div class=\"elementor-widget-container\">\n\t\t\t<style>\/*! elementor - v3.22.0 - 26-06-2024 *\/\n.elementor-column .elementor-spacer-inner{height:var(--spacer-size)}.e-con{--container-widget-width:100%}.e-con-inner>.elementor-widget-spacer,.e-con>.elementor-widget-spacer{width:var(--container-widget-width,var(--spacer-size));--align-self:var(--container-widget-align-self,initial);--flex-shrink:0}.e-con-inner>.elementor-widget-spacer>.elementor-widget-container,.e-con>.elementor-widget-spacer>.elementor-widget-container{height:100%;width:100%}.e-con-inner>.elementor-widget-spacer>.elementor-widget-container>.elementor-spacer,.e-con>.elementor-widget-spacer>.elementor-widget-container>.elementor-spacer{height:100%}.e-con-inner>.elementor-widget-spacer>.elementor-widget-container>.elementor-spacer>.elementor-spacer-inner,.e-con>.elementor-widget-spacer>.elementor-widget-container>.elementor-spacer>.elementor-spacer-inner{height:var(--container-widget-height,var(--spacer-size))}.e-con-inner>.elementor-widget-spacer.elementor-widget-empty,.e-con>.elementor-widget-spacer.elementor-widget-empty{position:relative;min-height:22px;min-width:22px}.e-con-inner>.elementor-widget-spacer.elementor-widget-empty .elementor-widget-empty-icon,.e-con>.elementor-widget-spacer.elementor-widget-empty .elementor-widget-empty-icon{position:absolute;top:0;bottom:0;left:0;right:0;margin:auto;padding:0;width:22px;height:22px}<\/style>\t\t<div class=\"elementor-spacer\">\n\t\t\t<div class=\"elementor-spacer-inner\"><\/div>\n\t\t<\/div>\n\t\t\t\t<\/div>\n\t\t\t\t<\/div>\n\t\t\t\t<div class=\"elementor-element elementor-element-ae11911 elementor-position-top elementor-widget elementor-widget-image-box\" data-id=\"ae11911\" data-element_type=\"widget\" data-widget_type=\"image-box.default\">\n\t\t\t\t<div class=\"elementor-widget-container\">\n\t\t\t<style>\/*! elementor - v3.22.0 - 26-06-2024 *\/\n.elementor-widget-image-box .elementor-image-box-content{width:100%}@media (min-width:768px){.elementor-widget-image-box.elementor-position-left .elementor-image-box-wrapper,.elementor-widget-image-box.elementor-position-right .elementor-image-box-wrapper{display:flex}.elementor-widget-image-box.elementor-position-right .elementor-image-box-wrapper{text-align:end;flex-direction:row-reverse}.elementor-widget-image-box.elementor-position-left .elementor-image-box-wrapper{text-align:start;flex-direction:row}.elementor-widget-image-box.elementor-position-top .elementor-image-box-img{margin:auto}.elementor-widget-image-box.elementor-vertical-align-top .elementor-image-box-wrapper{align-items:flex-start}.elementor-widget-image-box.elementor-vertical-align-middle .elementor-image-box-wrapper{align-items:center}.elementor-widget-image-box.elementor-vertical-align-bottom .elementor-image-box-wrapper{align-items:flex-end}}@media (max-width:767px){.elementor-widget-image-box .elementor-image-box-img{margin-left:auto!important;margin-right:auto!important;margin-bottom:15px}}.elementor-widget-image-box .elementor-image-box-img{display:inline-block}.elementor-widget-image-box .elementor-image-box-title a{color:inherit}.elementor-widget-image-box .elementor-image-box-wrapper{text-align:center}.elementor-widget-image-box .elementor-image-box-description{margin:0}<\/style><div class=\"elementor-image-box-wrapper\"><figure class=\"elementor-image-box-img\"><img fetchpriority=\"high\" decoding=\"async\" width=\"640\" height=\"427\" src=\"https:\/\/clinicasmisalud.com\/wp-content\/uploads\/2022\/07\/cosmetic-botox-injection-female-forehead-1024x683.jpg\" class=\"attachment-large size-large wp-image-14905\" alt=\"aesthetic care\" srcset=\"https:\/\/clinicasmisalud.com\/wp-content\/uploads\/2022\/07\/cosmetic-botox-injection-female-forehead-1024x683.jpg 1024w, https:\/\/clinicasmisalud.com\/wp-content\/uploads\/2022\/07\/cosmetic-botox-injection-female-forehead-300x200.jpg 300w, https:\/\/clinicasmisalud.com\/wp-content\/uploads\/2022\/07\/cosmetic-botox-injection-female-forehead-768x512.jpg 768w, https:\/\/clinicasmisalud.com\/wp-content\/uploads\/2022\/07\/cosmetic-botox-injection-female-forehead-1536x1024.jpg 1536w, https:\/\/clinicasmisalud.com\/wp-content\/uploads\/2022\/07\/cosmetic-botox-injection-female-forehead-2048x1366.jpg 2048w, https:\/\/clinicasmisalud.com\/wp-content\/uploads\/2022\/07\/cosmetic-botox-injection-female-forehead-600x400.jpg 600w\" sizes=\"(max-width: 640px) 100vw, 640px\" \/><\/figure><\/div>\t\t<\/div>\n\t\t\t\t<\/div>\n\t\t\t\t<div class=\"elementor-element elementor-element-1bb5d16 elementor-widget elementor-widget-spacer\" data-id=\"1bb5d16\" data-element_type=\"widget\" data-widget_type=\"spacer.default\">\n\t\t\t\t<div class=\"elementor-widget-container\">\n\t\t\t\t\t<div class=\"elementor-spacer\">\n\t\t\t<div class=\"elementor-spacer-inner\"><\/div>\n\t\t<\/div>\n\t\t\t\t<\/div>\n\t\t\t\t<\/div>\n\t\t\t\t<div class=\"elementor-element elementor-element-7b360a6 elementor-widget elementor-widget-heading\" data-id=\"7b360a6\" data-element_type=\"widget\" data-widget_type=\"heading.default\">\n\t\t\t\t<div class=\"elementor-widget-container\">\n\t\t\t<style>\/*! elementor - v3.22.0 - 26-06-2024 *\/\n.elementor-heading-title{padding:0;margin:0;line-height:1}.elementor-widget-heading .elementor-heading-title[class*=elementor-size-]>a{color:inherit;font-size:inherit;line-height:inherit}.elementor-widget-heading .elementor-heading-title.elementor-size-small{font-size:15px}.elementor-widget-heading .elementor-heading-title.elementor-size-medium{font-size:19px}.elementor-widget-heading .elementor-heading-title.elementor-size-large{font-size:29px}.elementor-widget-heading .elementor-heading-title.elementor-size-xl{font-size:39px}.elementor-widget-heading .elementor-heading-title.elementor-size-xxl{font-size:59px}<\/style><p class=\"elementor-heading-title elementor-size-default\">Cl\u00ednicas Mi Salud ofrece tratamientos est\u00e9ticos y antienvejecimiento de alta calidad, m\u00e9dicamente calificados, para todos. Creemos que los tratamientos est\u00e9ticos pueden realzar la belleza de las personas y brindarles el impulso y la confianza que merecen.\u00a0\u00a0<\/p>\t\t<\/div>\n\t\t\t\t<\/div>\n\t\t            <\/div>\r\n        <\/div>\r\n        \t\t\t<\/div>\r\n\t\t<\/section>\r\n\t\t\t\t<\/div>","protected":false},"excerpt":{"rendered":"<p>Cl\u00ednicas Mi Salud ofrece tratamientos est\u00e9ticos y antienvejecimiento de alta calidad, m\u00e9dicamente calificados, para todos. Creemos que los tratamientos est\u00e9ticos pueden realzar la belleza de las personas y brindarles el impulso y la confianza que merecen.\u00a0\u00a0<\/p>","protected":false},"author":1,"featured_media":14905,"parent":0,"menu_order":0,"comment_status":"closed","ping_status":"closed","template":"","meta":{"footnotes":""},"class_list":["post-14844","page","type-page","status-publish","has-post-thumbnail","hentry"],"yoast_head":"<!-- This site is optimized with the Yoast SEO plugin v23.0 - https:\/\/yoast.com\/wordpress\/plugins\/seo\/ -->\n<title>Aesthetic Care \u2502Clinicas Mi Salud \u2502 Oxnard<\/title>\n<meta name=\"description\" content=\"Clinicas Mi Salud medically qualified aesthetic and anti-aging treatments. We believe aesthetic treatments can enhance people\u2019s beauty\" \/>\n<meta name=\"robots\" content=\"index, follow, max-snippet:-1, max-image-preview:large, max-video-preview:-1\" \/>\n<link rel=\"canonical\" href=\"https:\/\/clinicasmisalud.com\/es\/aesthetic-care\/\" \/>\n<meta property=\"og:locale\" content=\"es_MX\" \/>\n<meta property=\"og:type\" content=\"article\" \/>\n<meta property=\"og:title\" content=\"Aesthetic Care \u2502Clinicas Mi Salud \u2502 Oxnard\" \/>\n<meta property=\"og:description\" content=\"Clinicas Mi Salud medically qualified aesthetic and anti-aging treatments. We believe aesthetic treatments can enhance people\u2019s beauty\" \/>\n<meta property=\"og:url\" content=\"https:\/\/clinicasmisalud.com\/es\/aesthetic-care\/\" \/>\n<meta property=\"og:site_name\" content=\"Clinicas Mi Salud\" \/>\n<meta property=\"article:publisher\" content=\"https:\/\/www.facebook.com\/FocilMed\" \/>\n<meta property=\"article:modified_time\" content=\"2024-07-03T16:34:34+00:00\" \/>\n<meta property=\"og:image\" content=\"https:\/\/clinicasmisalud.com\/wp-content\/uploads\/2022\/07\/cosmetic-botox-injection-female-forehead-scaled.jpg\" \/>\n\t<meta property=\"og:image:width\" content=\"2560\" \/>\n\t<meta property=\"og:image:height\" content=\"1707\" \/>\n\t<meta property=\"og:image:type\" content=\"image\/jpeg\" \/>\n<meta name=\"twitter:card\" content=\"summary_large_image\" \/>\n<meta name=\"twitter:label1\" content=\"Tiempo de lectura\" \/>\n\t<meta name=\"twitter:data1\" content=\"1 minuto\" \/>\n<script type=\"application\/ld+json\" class=\"yoast-schema-graph\">{\"@context\":\"https:\/\/schema.org\",\"@graph\":[{\"@type\":\"WebPage\",\"@id\":\"https:\/\/clinicasmisalud.com\/aesthetic-care\/\",\"url\":\"https:\/\/clinicasmisalud.com\/aesthetic-care\/\",\"name\":\"Aesthetic Care \u2502Clinicas Mi Salud \u2502 Oxnard\",\"isPartOf\":{\"@id\":\"https:\/\/clinicasmisalud.com\/#website\"},\"primaryImageOfPage\":{\"@id\":\"https:\/\/clinicasmisalud.com\/aesthetic-care\/#primaryimage\"},\"image\":{\"@id\":\"https:\/\/clinicasmisalud.com\/aesthetic-care\/#primaryimage\"},\"thumbnailUrl\":\"https:\/\/clinicasmisalud.com\/wp-content\/uploads\/2022\/07\/cosmetic-botox-injection-female-forehead-scaled.jpg\",\"datePublished\":\"2022-07-20T20:48:08+00:00\",\"dateModified\":\"2024-07-03T16:34:34+00:00\",\"description\":\"Clinicas Mi Salud medically qualified aesthetic and anti-aging treatments. We believe aesthetic treatments can enhance people\u2019s beauty\",\"breadcrumb\":{\"@id\":\"https:\/\/clinicasmisalud.com\/aesthetic-care\/#breadcrumb\"},\"inLanguage\":\"es\",\"potentialAction\":[{\"@type\":\"ReadAction\",\"target\":[\"https:\/\/clinicasmisalud.com\/aesthetic-care\/\"]}]},{\"@type\":\"ImageObject\",\"inLanguage\":\"es\",\"@id\":\"https:\/\/clinicasmisalud.com\/aesthetic-care\/#primaryimage\",\"url\":\"https:\/\/clinicasmisalud.com\/wp-content\/uploads\/2022\/07\/cosmetic-botox-injection-female-forehead-scaled.jpg\",\"contentUrl\":\"https:\/\/clinicasmisalud.com\/wp-content\/uploads\/2022\/07\/cosmetic-botox-injection-female-forehead-scaled.jpg\",\"width\":2560,\"height\":1707,\"caption\":\"aesthetic care\"},{\"@type\":\"BreadcrumbList\",\"@id\":\"https:\/\/clinicasmisalud.com\/aesthetic-care\/#breadcrumb\",\"itemListElement\":[{\"@type\":\"ListItem\",\"position\":1,\"name\":\"Home\",\"item\":\"https:\/\/clinicasmisalud.com\/\"},{\"@type\":\"ListItem\",\"position\":2,\"name\":\"Aesthetic Care\"}]},{\"@type\":\"WebSite\",\"@id\":\"https:\/\/clinicasmisalud.com\/#website\",\"url\":\"https:\/\/clinicasmisalud.com\/\",\"name\":\"Clinicas Mi Salud\",\"description\":\"Caring your health over 30 years\",\"potentialAction\":[{\"@type\":\"SearchAction\",\"target\":{\"@type\":\"EntryPoint\",\"urlTemplate\":\"https:\/\/clinicasmisalud.com\/?s={search_term_string}\"},\"query-input\":\"required name=search_term_string\"}],\"inLanguage\":\"es\"}]}<\/script>\n<!-- \/ Yoast SEO plugin. -->","yoast_head_json":{"title":"Aesthetic Care \u2502Clinicas Mi Salud \u2502 Oxnard","description":"Clinicas Mi Salud medically qualified aesthetic and anti-aging treatments. We believe aesthetic treatments can enhance people\u2019s beauty","robots":{"index":"index","follow":"follow","max-snippet":"max-snippet:-1","max-image-preview":"max-image-preview:large","max-video-preview":"max-video-preview:-1"},"canonical":"https:\/\/clinicasmisalud.com\/es\/aesthetic-care\/","og_locale":"es_MX","og_type":"article","og_title":"Aesthetic Care \u2502Clinicas Mi Salud \u2502 Oxnard","og_description":"Clinicas Mi Salud medically qualified aesthetic and anti-aging treatments. We believe aesthetic treatments can enhance people\u2019s beauty","og_url":"https:\/\/clinicasmisalud.com\/es\/aesthetic-care\/","og_site_name":"Clinicas Mi Salud","article_publisher":"https:\/\/www.facebook.com\/FocilMed","article_modified_time":"2024-07-03T16:34:34+00:00","og_image":[{"width":2560,"height":1707,"url":"https:\/\/clinicasmisalud.com\/wp-content\/uploads\/2022\/07\/cosmetic-botox-injection-female-forehead-scaled.jpg","type":"image\/jpeg"}],"twitter_card":"summary_large_image","twitter_misc":{"Tiempo de lectura":"1 minuto"},"schema":{"@context":"https:\/\/schema.org","@graph":[{"@type":"WebPage","@id":"https:\/\/clinicasmisalud.com\/aesthetic-care\/","url":"https:\/\/clinicasmisalud.com\/aesthetic-care\/","name":"Aesthetic Care \u2502Clinicas Mi Salud \u2502 Oxnard","isPartOf":{"@id":"https:\/\/clinicasmisalud.com\/#website"},"primaryImageOfPage":{"@id":"https:\/\/clinicasmisalud.com\/aesthetic-care\/#primaryimage"},"image":{"@id":"https:\/\/clinicasmisalud.com\/aesthetic-care\/#primaryimage"},"thumbnailUrl":"https:\/\/clinicasmisalud.com\/wp-content\/uploads\/2022\/07\/cosmetic-botox-injection-female-forehead-scaled.jpg","datePublished":"2022-07-20T20:48:08+00:00","dateModified":"2024-07-03T16:34:34+00:00","description":"Clinicas Mi Salud medically qualified aesthetic and anti-aging treatments. We believe aesthetic treatments can enhance people\u2019s beauty","breadcrumb":{"@id":"https:\/\/clinicasmisalud.com\/aesthetic-care\/#breadcrumb"},"inLanguage":"es","potentialAction":[{"@type":"ReadAction","target":["https:\/\/clinicasmisalud.com\/aesthetic-care\/"]}]},{"@type":"ImageObject","inLanguage":"es","@id":"https:\/\/clinicasmisalud.com\/aesthetic-care\/#primaryimage","url":"https:\/\/clinicasmisalud.com\/wp-content\/uploads\/2022\/07\/cosmetic-botox-injection-female-forehead-scaled.jpg","contentUrl":"https:\/\/clinicasmisalud.com\/wp-content\/uploads\/2022\/07\/cosmetic-botox-injection-female-forehead-scaled.jpg","width":2560,"height":1707,"caption":"aesthetic care"},{"@type":"BreadcrumbList","@id":"https:\/\/clinicasmisalud.com\/aesthetic-care\/#breadcrumb","itemListElement":[{"@type":"ListItem","position":1,"name":"Home","item":"https:\/\/clinicasmisalud.com\/"},{"@type":"ListItem","position":2,"name":"Aesthetic Care"}]},{"@type":"WebSite","@id":"https:\/\/clinicasmisalud.com\/#website","url":"https:\/\/clinicasmisalud.com\/","name":"Clinicas Mi Salud","description":"Caring your health over 30 years","potentialAction":[{"@type":"SearchAction","target":{"@type":"EntryPoint","urlTemplate":"https:\/\/clinicasmisalud.com\/?s={search_term_string}"},"query-input":"required name=search_term_string"}],"inLanguage":"es"}]}},"_links":{"self":[{"href":"https:\/\/clinicasmisalud.com\/es\/wp-json\/wp\/v2\/pages\/14844","targetHints":{"allow":["GET"]}}],"collection":[{"href":"https:\/\/clinicasmisalud.com\/es\/wp-json\/wp\/v2\/pages"}],"about":[{"href":"https:\/\/clinicasmisalud.com\/es\/wp-json\/wp\/v2\/types\/page"}],"author":[{"embeddable":true,"href":"https:\/\/clinicasmisalud.com\/es\/wp-json\/wp\/v2\/users\/1"}],"replies":[{"embeddable":true,"href":"https:\/\/clinicasmisalud.com\/es\/wp-json\/wp\/v2\/comments?post=14844"}],"version-history":[{"count":10,"href":"https:\/\/clinicasmisalud.com\/es\/wp-json\/wp\/v2\/pages\/14844\/revisions"}],"predecessor-version":[{"id":18065,"href":"https:\/\/clinicasmisalud.com\/es\/wp-json\/wp\/v2\/pages\/14844\/revisions\/18065"}],"wp:featuredmedia":[{"embeddable":true,"href":"https:\/\/clinicasmisalud.com\/es\/wp-json\/wp\/v2\/media\/14905"}],"wp:attachment":[{"href":"https:\/\/clinicasmisalud.com\/es\/wp-json\/wp\/v2\/media?parent=14844"}],"curies":[{"name":"wp","href":"https:\/\/api.w.org\/{rel}","templated":true}]}}