{"id":13959,"date":"2022-07-16T17:05:47","date_gmt":"2022-07-16T17:05:47","guid":{"rendered":"https:\/\/futurewebtestingnow.online\/?page_id=13959"},"modified":"2022-11-03T06:23:16","modified_gmt":"2022-11-03T06:23:16","slug":"our-community","status":"publish","type":"page","link":"https:\/\/clinicasmisalud.com\/es\/our-community\/","title":{"rendered":"Nuestra Comunidad"},"content":{"rendered":"<div data-elementor-type=\"wp-page\" data-elementor-id=\"13959\" class=\"elementor elementor-13959\">\n\t\t\t\t        <section class=\"elementor-section elementor-top-section elementor-element elementor-element-9e2d699 elementor-section-stretched elementor-section-boxed elementor-section-height-default elementor-section-height-default\" data-id=\"9e2d699\" data-element_type=\"section\" data-settings=\"{&quot;background_background&quot;:&quot;classic&quot;,&quot;stretch_section&quot;:&quot;section-stretched&quot;}\">\r\n\t\t        <div class=\"elementor-container elementor-column-gap-default\" >\r\n\t\t        <div class=\"elementor-column elementor-col-100 elementor-top-column elementor-element elementor-element-f9e6c16\" data-id=\"f9e6c16\" data-element_type=\"column\" data-settings=\"{&quot;background_background&quot;:&quot;classic&quot;}\">\r\n            <div class=\"elementor-widget-wrap elementor-element-populated\">\r\n                        <section class=\"elementor-section elementor-inner-section elementor-element elementor-element-ed66905 elementor-section-boxed elementor-section-height-default elementor-section-height-default\" data-id=\"ed66905\" data-element_type=\"section\">\r\n\t\t        <div class=\"elementor-container elementor-column-gap-default\" >\r\n\t\t        <div class=\"elementor-column elementor-col-50 elementor-inner-column elementor-element elementor-element-b60a894\" data-id=\"b60a894\" data-element_type=\"column\">\r\n            <div class=\"elementor-widget-wrap elementor-element-populated\">\r\n                \t\t<div class=\"elementor-element elementor-element-5d9fa06 elementor-widget elementor-widget-cms_heading\" data-id=\"5d9fa06\" data-element_type=\"widget\" data-widget_type=\"cms_heading.default\">\n\t\t\t\t<div class=\"elementor-widget-container\">\n\t\t\t<div class=\"cms-heading-wrapper cms-heading-layout1\">\r\n    \r\n            <h2 class=\"custom-heading\">\r\n            <span >Nuestro Rol en la Comunidad<\/span>\r\n        <\/h2>\r\n        \r\n    <\/div>\t\t<\/div>\n\t\t\t\t<\/div>\n\t\t            <\/div>\r\n        <\/div>\r\n                <div class=\"elementor-column elementor-col-50 elementor-inner-column elementor-element elementor-element-ab8f15e\" data-id=\"ab8f15e\" data-element_type=\"column\">\r\n            <div class=\"elementor-widget-wrap\">\r\n                            <\/div>\r\n        <\/div>\r\n        \t\t\t<\/div>\r\n\t\t<\/section>\r\n\t\t        <section class=\"elementor-section elementor-inner-section elementor-element elementor-element-9061088 elementor-section-boxed elementor-section-height-default elementor-section-height-default\" data-id=\"9061088\" data-element_type=\"section\">\r\n\t\t        <div class=\"elementor-container elementor-column-gap-default\" >\r\n\t\t        <div class=\"elementor-column elementor-col-50 elementor-inner-column elementor-element elementor-element-c47a95b\" data-id=\"c47a95b\" data-element_type=\"column\">\r\n            <div class=\"elementor-widget-wrap\">\r\n                            <\/div>\r\n        <\/div>\r\n                <div class=\"elementor-column elementor-col-50 elementor-inner-column elementor-element elementor-element-5b47272\" data-id=\"5b47272\" data-element_type=\"column\">\r\n            <div class=\"elementor-widget-wrap\">\r\n                            <\/div>\r\n        <\/div>\r\n        \t\t\t<\/div>\r\n\t\t<\/section>\r\n\t\t            <\/div>\r\n        <\/div>\r\n        \t\t\t<\/div>\r\n\t\t<\/section>\r\n\t\t        <section class=\"elementor-section elementor-top-section elementor-element elementor-element-e96d946 elementor-section-boxed elementor-section-height-default elementor-section-height-default\" data-id=\"e96d946\" data-element_type=\"section\">\r\n\t\t        <div class=\"elementor-container elementor-column-gap-default\" >\r\n\t\t        <div class=\"elementor-column elementor-col-50 elementor-top-column elementor-element elementor-element-4b0e987\" data-id=\"4b0e987\" data-element_type=\"column\">\r\n            <div class=\"elementor-widget-wrap elementor-element-populated\">\r\n                \t\t<div class=\"elementor-element elementor-element-978768a elementor-widget elementor-widget-cms_heading\" data-id=\"978768a\" data-element_type=\"widget\" data-widget_type=\"cms_heading.default\">\n\t\t\t\t<div class=\"elementor-widget-container\">\n\t\t\t<div class=\"cms-heading-wrapper cms-heading-layout1\">\r\n    \r\n            <h2 class=\"custom-heading\">\r\n            <span >El Dr. Focil y Clinicas Mi Salud son conocidos por ayudar a la comunidad<\/span>\r\n        <\/h2>\r\n        \r\n    <\/div>\t\t<\/div>\n\t\t\t\t<\/div>\n\t\t\t\t<div class=\"elementor-element elementor-element-d30a404 elementor-widget elementor-widget-text-editor\" data-id=\"d30a404\" data-element_type=\"widget\" data-widget_type=\"text-editor.default\">\n\t\t\t\t<div class=\"elementor-widget-container\">\n\t\t\t<style>\/*! elementor - v3.22.0 - 26-06-2024 *\/\n.elementor-widget-text-editor.elementor-drop-cap-view-stacked .elementor-drop-cap{background-color:#69727d;color:#fff}.elementor-widget-text-editor.elementor-drop-cap-view-framed .elementor-drop-cap{color:#69727d;border:3px solid;background-color:transparent}.elementor-widget-text-editor:not(.elementor-drop-cap-view-default) .elementor-drop-cap{margin-top:8px}.elementor-widget-text-editor:not(.elementor-drop-cap-view-default) .elementor-drop-cap-letter{width:1em;height:1em}.elementor-widget-text-editor .elementor-drop-cap{float:left;text-align:center;line-height:1;font-size:50px}.elementor-widget-text-editor .elementor-drop-cap-letter{display:inline-block}<\/style>\t\t\t\t<p>El Dr. Focil tiene m\u00e1s de 30 a\u00f1os de experiencia, desempe\u00f1ando un papel fundamental en la comunidad de Oxnard. Ha colaborado con m\u00faltiples organizaciones en programas que benefician el bienestar de la comunidad.<br \/><br \/><\/p>\t\t\t\t\t\t<\/div>\n\t\t\t\t<\/div>\n\t\t            <\/div>\r\n        <\/div>\r\n                <div class=\"elementor-column elementor-col-50 elementor-top-column elementor-element elementor-element-6c49b39\" data-id=\"6c49b39\" data-element_type=\"column\" data-settings=\"{&quot;background_background&quot;:&quot;classic&quot;}\">\r\n            <div class=\"elementor-widget-wrap elementor-element-populated\">\r\n                \t\t<div class=\"elementor-element elementor-element-8df6a3b elementor-widget elementor-widget-spacer\" data-id=\"8df6a3b\" data-element_type=\"widget\" data-widget_type=\"spacer.default\">\n\t\t\t\t<div class=\"elementor-widget-container\">\n\t\t\t<style>\/*! elementor - v3.22.0 - 26-06-2024 *\/\n.elementor-column .elementor-spacer-inner{height:var(--spacer-size)}.e-con{--container-widget-width:100%}.e-con-inner>.elementor-widget-spacer,.e-con>.elementor-widget-spacer{width:var(--container-widget-width,var(--spacer-size));--align-self:var(--container-widget-align-self,initial);--flex-shrink:0}.e-con-inner>.elementor-widget-spacer>.elementor-widget-container,.e-con>.elementor-widget-spacer>.elementor-widget-container{height:100%;width:100%}.e-con-inner>.elementor-widget-spacer>.elementor-widget-container>.elementor-spacer,.e-con>.elementor-widget-spacer>.elementor-widget-container>.elementor-spacer{height:100%}.e-con-inner>.elementor-widget-spacer>.elementor-widget-container>.elementor-spacer>.elementor-spacer-inner,.e-con>.elementor-widget-spacer>.elementor-widget-container>.elementor-spacer>.elementor-spacer-inner{height:var(--container-widget-height,var(--spacer-size))}.e-con-inner>.elementor-widget-spacer.elementor-widget-empty,.e-con>.elementor-widget-spacer.elementor-widget-empty{position:relative;min-height:22px;min-width:22px}.e-con-inner>.elementor-widget-spacer.elementor-widget-empty .elementor-widget-empty-icon,.e-con>.elementor-widget-spacer.elementor-widget-empty .elementor-widget-empty-icon{position:absolute;top:0;bottom:0;left:0;right:0;margin:auto;padding:0;width:22px;height:22px}<\/style>\t\t<div class=\"elementor-spacer\">\n\t\t\t<div class=\"elementor-spacer-inner\"><\/div>\n\t\t<\/div>\n\t\t\t\t<\/div>\n\t\t\t\t<\/div>\n\t\t            <\/div>\r\n        <\/div>\r\n        \t\t\t<\/div>\r\n\t\t<\/section>\r\n\t\t        <section class=\"elementor-section elementor-top-section elementor-element elementor-element-13e9b18 elementor-section-boxed elementor-section-height-default elementor-section-height-default\" data-id=\"13e9b18\" data-element_type=\"section\">\r\n\t\t        <div class=\"elementor-container elementor-column-gap-default\" >\r\n\t\t        <div class=\"elementor-column elementor-col-100 elementor-top-column elementor-element elementor-element-ed25215\" data-id=\"ed25215\" data-element_type=\"column\">\r\n            <div class=\"elementor-widget-wrap elementor-element-populated\">\r\n                \t\t<div class=\"elementor-element elementor-element-b3aad4f elementor-widget elementor-widget-cms_company_history\" data-id=\"b3aad4f\" data-element_type=\"widget\" data-widget_type=\"cms_company_history.default\">\n\t\t\t\t<div class=\"elementor-widget-container\">\n\t\t\t    <div class=\"cms-company-history\">\n        <div class=\"history-content-items\">\n                                                <div class=\"content-item\">\n                        <div class=\"left-content\">\n                            <span class=\"dot\"><\/span>\n                            <div class=\"timeline-year\">2018<\/div>\n                        <\/div>\n                        <div  class=\"right-content\"\">\n                            <h3 class=\"timeline-title\">Programa de educaci\u00f3n y concienciaci\u00f3n sobre la diabetes<\/h3>\n                            <p class=\"timeline-text\"><\/p>\n                        <\/div>\n                    <\/div>\n                                                                    <div class=\"content-item\">\n                        <div class=\"left-content\">\n                            <span class=\"dot\"><\/span>\n                            <div class=\"timeline-year\">2012<\/div>\n                        <\/div>\n                        <div  class=\"right-content\"\">\n                            <h3 class=\"timeline-title\">Programa de sensibilizaci\u00f3n sobre la osteoporosis<\/h3>\n                            <p class=\"timeline-text\"><\/p>\n                        <\/div>\n                    <\/div>\n                                                                    <div class=\"content-item\">\n                        <div class=\"left-content\">\n                            <span class=\"dot\"><\/span>\n                            <div class=\"timeline-year\">2005<\/div>\n                        <\/div>\n                        <div  class=\"right-content\"\">\n                            <h3 class=\"timeline-title\">Divulgaci\u00f3n comunitaria para la educaci\u00f3n sobre la osteoporosis y las pruebas de detecci\u00f3n del tal\u00f3n<\/h3>\n                            <p class=\"timeline-text\"><\/p>\n                        <\/div>\n                    <\/div>\n                                                                    <div class=\"content-item\">\n                        <div class=\"left-content\">\n                            <span class=\"dot\"><\/span>\n                            <div class=\"timeline-year\">1999<\/div>\n                        <\/div>\n                        <div  class=\"right-content\"\">\n                            <h3 class=\"timeline-title\">Priorato de San Agust\u00edn, Director del Programa de Servicios M\u00e9dicos<\/h3>\n                            <p class=\"timeline-text\"><\/p>\n                        <\/div>\n                    <\/div>\n                                        <\/div>\n    <\/div>\n\t\t<\/div>\n\t\t\t\t<\/div>\n\t\t            <\/div>\r\n        <\/div>\r\n        \t\t\t<\/div>\r\n\t\t<\/section>\r\n\t\t        <section class=\"elementor-section elementor-top-section elementor-element elementor-element-3f7e41f elementor-section-boxed elementor-section-height-default elementor-section-height-default\" data-id=\"3f7e41f\" data-element_type=\"section\">\r\n\t\t        <div class=\"elementor-container elementor-column-gap-default\" >\r\n\t\t        <div class=\"elementor-column elementor-col-100 elementor-top-column elementor-element elementor-element-0e71bc5\" data-id=\"0e71bc5\" data-element_type=\"column\">\r\n            <div class=\"elementor-widget-wrap elementor-element-populated\">\r\n                \t\t<div class=\"elementor-element elementor-element-c00f801 elementor-widget elementor-widget-cms_image_gallery\" data-id=\"c00f801\" data-element_type=\"widget\" data-widget_type=\"cms_image_gallery.default\">\n\t\t\t\t<div class=\"elementor-widget-container\">\n\t\t\t\r\n<div id=\"cms_image_gallery-c00f801\" class=\"cms-grid cms-image-gallery images-light-box clearfix\" data-layout=\"masonry\">\r\n\r\n    <div class=\"cms-grid-inner cms-grid-masonry row\" data-gutter=\"21\">\r\n        <div class=\"grid-sizer col-xl-3 col-lg-3 col-md-6 col-sm-12 col-12\"><\/div>\r\n                    <div class=\"grid-item col-xl-3 col-lg-3 col-md-6 col-sm-12 col-12\">\r\n                <div class=\"grid-item-inner\">\r\n                    <span class=\"hover-effect cms-over\">\r\n                                                    <img fetchpriority=\"high\" decoding=\"async\" class=\"\" src=\"https:\/\/clinicasmisalud.com\/wp-content\/uploads\/2022\/07\/Screenshot_1-500x500.png\" width=\"500\" height=\"500\" alt=\"Dr. Focil\" title=\"Dr. Focil\" \/>                                            <\/span>\r\n                    <div class=\"grid-item-content\">\r\n                        <div class=\"up-icon\">\r\n                            <a class=\"light-box\" data-elementor-open-lightbox=\"no\" href=\"https:\/\/clinicasmisalud.com\/wp-content\/uploads\/2022\/07\/Screenshot_1.png\" title=\"Dr. Focil\">\r\n                                <i class=\"zmdi zmdi-eye\"><\/i>\r\n                            <\/a>\r\n                        <\/div>\r\n                    <\/div>\r\n                <\/div>\r\n                <div class=\"image-caption\">\r\n                    Dr. Focil                <\/div>\r\n            <\/div>\r\n                    <div class=\"grid-item col-xl-3 col-lg-3 col-md-6 col-sm-12 col-12\">\r\n                <div class=\"grid-item-inner\">\r\n                    <span class=\"hover-effect cms-over\">\r\n                                                    <img decoding=\"async\" class=\"\" src=\"https:\/\/clinicasmisalud.com\/wp-content\/uploads\/2022\/07\/Screenshot_3-500x500.png\" width=\"500\" height=\"500\" alt=\"Screenshot_3\" title=\"Screenshot_3\" \/>                                            <\/span>\r\n                    <div class=\"grid-item-content\">\r\n                        <div class=\"up-icon\">\r\n                            <a class=\"light-box\" data-elementor-open-lightbox=\"no\" href=\"https:\/\/clinicasmisalud.com\/wp-content\/uploads\/2022\/07\/Screenshot_3.png\" title=\"Screenshot_3\">\r\n                                <i class=\"zmdi zmdi-eye\"><\/i>\r\n                            <\/a>\r\n                        <\/div>\r\n                    <\/div>\r\n                <\/div>\r\n                <div class=\"image-caption\">\r\n                                    <\/div>\r\n            <\/div>\r\n                    <div class=\"grid-item col-xl-3 col-lg-3 col-md-6 col-sm-12 col-12\">\r\n                <div class=\"grid-item-inner\">\r\n                    <span class=\"hover-effect cms-over\">\r\n                                                    <img decoding=\"async\" class=\"\" src=\"https:\/\/clinicasmisalud.com\/wp-content\/uploads\/2022\/07\/Artboard-12-500x500.png\" width=\"500\" height=\"500\" alt=\"Artboard 12\" title=\"Artboard 12\" \/>                                            <\/span>\r\n                    <div class=\"grid-item-content\">\r\n                        <div class=\"up-icon\">\r\n                            <a class=\"light-box\" data-elementor-open-lightbox=\"no\" href=\"https:\/\/clinicasmisalud.com\/wp-content\/uploads\/2022\/07\/Artboard-12.png\" title=\"Artboard 12\">\r\n                                <i class=\"zmdi zmdi-eye\"><\/i>\r\n                            <\/a>\r\n                        <\/div>\r\n                    <\/div>\r\n                <\/div>\r\n                <div class=\"image-caption\">\r\n                                    <\/div>\r\n            <\/div>\r\n                    <div class=\"grid-item col-xl-3 col-lg-3 col-md-6 col-sm-12 col-12\">\r\n                <div class=\"grid-item-inner\">\r\n                    <span class=\"hover-effect cms-over\">\r\n                                                    <img loading=\"lazy\" decoding=\"async\" class=\"\" src=\"https:\/\/clinicasmisalud.com\/wp-content\/uploads\/2022\/07\/Screenshot_2-500x500.png\" width=\"500\" height=\"500\" alt=\"Screenshot_2\" title=\"Screenshot_2\" \/>                                            <\/span>\r\n                    <div class=\"grid-item-content\">\r\n                        <div class=\"up-icon\">\r\n                            <a class=\"light-box\" data-elementor-open-lightbox=\"no\" href=\"https:\/\/clinicasmisalud.com\/wp-content\/uploads\/2022\/07\/Screenshot_2.png\" title=\"Screenshot_2\">\r\n                                <i class=\"zmdi zmdi-eye\"><\/i>\r\n                            <\/a>\r\n                        <\/div>\r\n                    <\/div>\r\n                <\/div>\r\n                <div class=\"image-caption\">\r\n                                    <\/div>\r\n            <\/div>\r\n            <\/div>\r\n<\/div>\t\t<\/div>\n\t\t\t\t<\/div>\n\t\t            <\/div>\r\n        <\/div>\r\n        \t\t\t<\/div>\r\n\t\t<\/section>\r\n\t\t\t\t<\/div>","protected":false},"excerpt":{"rendered":"<p>Our Role in The Community Dr. Focil &amp; Clinicas Mi Salud are well-known for helping the community Dr. Focil has over 30 years of experience, playing a pivotal role in the Oxnard community. He has collaborated with multiple organizations in programs that community\u2019s welfare. 2018 Diabetes Educational &amp; Awareness Program 2012 Osteoporosis Awareness Program 2005 [&hellip;]<\/p>","protected":false},"author":1,"featured_media":13996,"parent":0,"menu_order":0,"comment_status":"closed","ping_status":"closed","template":"","meta":{"footnotes":""},"class_list":["post-13959","page","type-page","status-publish","has-post-thumbnail","hentry"],"yoast_head":"<!-- This site is optimized with the Yoast SEO plugin v23.0 - https:\/\/yoast.com\/wordpress\/plugins\/seo\/ -->\n<title>Our Community \u2502 Clinicas Mi Salud \u2502Dr Focil<\/title>\n<meta name=\"description\" content=\"Dr. Focil &amp; Clinicas Mi Salud are well-known for helping the community. Dr. Focil has over 30 years, playing a pivotal role in the Oxnard community.\" \/>\n<meta name=\"robots\" content=\"index, follow, max-snippet:-1, max-image-preview:large, max-video-preview:-1\" \/>\n<link rel=\"canonical\" href=\"https:\/\/clinicasmisalud.com\/es\/our-community\/\" \/>\n<meta property=\"og:locale\" content=\"es_MX\" \/>\n<meta property=\"og:type\" content=\"article\" \/>\n<meta property=\"og:title\" content=\"Our Community \u2502 Clinicas Mi Salud \u2502Dr Focil\" \/>\n<meta property=\"og:description\" content=\"Dr. Focil &amp; Clinicas Mi Salud are well-known for helping the community. Dr. Focil has over 30 years, playing a pivotal role in the Oxnard community.\" \/>\n<meta property=\"og:url\" content=\"https:\/\/clinicasmisalud.com\/es\/our-community\/\" \/>\n<meta property=\"og:site_name\" content=\"Clinicas Mi Salud\" \/>\n<meta property=\"article:publisher\" content=\"https:\/\/www.facebook.com\/FocilMed\" \/>\n<meta property=\"article:modified_time\" content=\"2022-11-03T06:23:16+00:00\" \/>\n<meta property=\"og:image\" content=\"https:\/\/clinicasmisalud.com\/wp-content\/uploads\/2022\/07\/Screenshot_1.png\" \/>\n\t<meta property=\"og:image:width\" content=\"695\" \/>\n\t<meta property=\"og:image:height\" content=\"613\" \/>\n\t<meta property=\"og:image:type\" content=\"image\/png\" \/>\n<meta name=\"twitter:card\" content=\"summary_large_image\" \/>\n<meta name=\"twitter:label1\" content=\"Tiempo de lectura\" \/>\n\t<meta name=\"twitter:data1\" content=\"2 minutos\" \/>\n<script type=\"application\/ld+json\" class=\"yoast-schema-graph\">{\"@context\":\"https:\/\/schema.org\",\"@graph\":[{\"@type\":\"WebPage\",\"@id\":\"https:\/\/clinicasmisalud.com\/our-community\/\",\"url\":\"https:\/\/clinicasmisalud.com\/our-community\/\",\"name\":\"Our Community \u2502 Clinicas Mi Salud \u2502Dr Focil\",\"isPartOf\":{\"@id\":\"https:\/\/clinicasmisalud.com\/#website\"},\"primaryImageOfPage\":{\"@id\":\"https:\/\/clinicasmisalud.com\/our-community\/#primaryimage\"},\"image\":{\"@id\":\"https:\/\/clinicasmisalud.com\/our-community\/#primaryimage\"},\"thumbnailUrl\":\"https:\/\/clinicasmisalud.com\/wp-content\/uploads\/2022\/07\/Screenshot_1.png\",\"datePublished\":\"2022-07-16T17:05:47+00:00\",\"dateModified\":\"2022-11-03T06:23:16+00:00\",\"description\":\"Dr. Focil & Clinicas Mi Salud are well-known for helping the community. Dr. Focil has over 30 years, playing a pivotal role in the Oxnard community.\",\"breadcrumb\":{\"@id\":\"https:\/\/clinicasmisalud.com\/our-community\/#breadcrumb\"},\"inLanguage\":\"es\",\"potentialAction\":[{\"@type\":\"ReadAction\",\"target\":[\"https:\/\/clinicasmisalud.com\/our-community\/\"]}]},{\"@type\":\"ImageObject\",\"inLanguage\":\"es\",\"@id\":\"https:\/\/clinicasmisalud.com\/our-community\/#primaryimage\",\"url\":\"https:\/\/clinicasmisalud.com\/wp-content\/uploads\/2022\/07\/Screenshot_1.png\",\"contentUrl\":\"https:\/\/clinicasmisalud.com\/wp-content\/uploads\/2022\/07\/Screenshot_1.png\",\"width\":695,\"height\":613,\"caption\":\"Dr. Focil\"},{\"@type\":\"BreadcrumbList\",\"@id\":\"https:\/\/clinicasmisalud.com\/our-community\/#breadcrumb\",\"itemListElement\":[{\"@type\":\"ListItem\",\"position\":1,\"name\":\"Home\",\"item\":\"https:\/\/clinicasmisalud.com\/\"},{\"@type\":\"ListItem\",\"position\":2,\"name\":\"Our Community\"}]},{\"@type\":\"WebSite\",\"@id\":\"https:\/\/clinicasmisalud.com\/#website\",\"url\":\"https:\/\/clinicasmisalud.com\/\",\"name\":\"Clinicas Mi Salud\",\"description\":\"Caring your health over 30 years\",\"potentialAction\":[{\"@type\":\"SearchAction\",\"target\":{\"@type\":\"EntryPoint\",\"urlTemplate\":\"https:\/\/clinicasmisalud.com\/?s={search_term_string}\"},\"query-input\":\"required name=search_term_string\"}],\"inLanguage\":\"es\"}]}<\/script>\n<!-- \/ Yoast SEO plugin. -->","yoast_head_json":{"title":"Our Community \u2502 Clinicas Mi Salud \u2502Dr Focil","description":"Dr. Focil & Clinicas Mi Salud are well-known for helping the community. Dr. Focil has over 30 years, playing a pivotal role in the Oxnard community.","robots":{"index":"index","follow":"follow","max-snippet":"max-snippet:-1","max-image-preview":"max-image-preview:large","max-video-preview":"max-video-preview:-1"},"canonical":"https:\/\/clinicasmisalud.com\/es\/our-community\/","og_locale":"es_MX","og_type":"article","og_title":"Our Community \u2502 Clinicas Mi Salud \u2502Dr Focil","og_description":"Dr. Focil & Clinicas Mi Salud are well-known for helping the community. Dr. Focil has over 30 years, playing a pivotal role in the Oxnard community.","og_url":"https:\/\/clinicasmisalud.com\/es\/our-community\/","og_site_name":"Clinicas Mi Salud","article_publisher":"https:\/\/www.facebook.com\/FocilMed","article_modified_time":"2022-11-03T06:23:16+00:00","og_image":[{"width":695,"height":613,"url":"https:\/\/clinicasmisalud.com\/wp-content\/uploads\/2022\/07\/Screenshot_1.png","type":"image\/png"}],"twitter_card":"summary_large_image","twitter_misc":{"Tiempo de lectura":"2 minutos"},"schema":{"@context":"https:\/\/schema.org","@graph":[{"@type":"WebPage","@id":"https:\/\/clinicasmisalud.com\/our-community\/","url":"https:\/\/clinicasmisalud.com\/our-community\/","name":"Our Community \u2502 Clinicas Mi Salud \u2502Dr Focil","isPartOf":{"@id":"https:\/\/clinicasmisalud.com\/#website"},"primaryImageOfPage":{"@id":"https:\/\/clinicasmisalud.com\/our-community\/#primaryimage"},"image":{"@id":"https:\/\/clinicasmisalud.com\/our-community\/#primaryimage"},"thumbnailUrl":"https:\/\/clinicasmisalud.com\/wp-content\/uploads\/2022\/07\/Screenshot_1.png","datePublished":"2022-07-16T17:05:47+00:00","dateModified":"2022-11-03T06:23:16+00:00","description":"Dr. Focil & Clinicas Mi Salud are well-known for helping the community. Dr. Focil has over 30 years, playing a pivotal role in the Oxnard community.","breadcrumb":{"@id":"https:\/\/clinicasmisalud.com\/our-community\/#breadcrumb"},"inLanguage":"es","potentialAction":[{"@type":"ReadAction","target":["https:\/\/clinicasmisalud.com\/our-community\/"]}]},{"@type":"ImageObject","inLanguage":"es","@id":"https:\/\/clinicasmisalud.com\/our-community\/#primaryimage","url":"https:\/\/clinicasmisalud.com\/wp-content\/uploads\/2022\/07\/Screenshot_1.png","contentUrl":"https:\/\/clinicasmisalud.com\/wp-content\/uploads\/2022\/07\/Screenshot_1.png","width":695,"height":613,"caption":"Dr. Focil"},{"@type":"BreadcrumbList","@id":"https:\/\/clinicasmisalud.com\/our-community\/#breadcrumb","itemListElement":[{"@type":"ListItem","position":1,"name":"Home","item":"https:\/\/clinicasmisalud.com\/"},{"@type":"ListItem","position":2,"name":"Our Community"}]},{"@type":"WebSite","@id":"https:\/\/clinicasmisalud.com\/#website","url":"https:\/\/clinicasmisalud.com\/","name":"Clinicas Mi Salud","description":"Caring your health over 30 years","potentialAction":[{"@type":"SearchAction","target":{"@type":"EntryPoint","urlTemplate":"https:\/\/clinicasmisalud.com\/?s={search_term_string}"},"query-input":"required name=search_term_string"}],"inLanguage":"es"}]}},"_links":{"self":[{"href":"https:\/\/clinicasmisalud.com\/es\/wp-json\/wp\/v2\/pages\/13959","targetHints":{"allow":["GET"]}}],"collection":[{"href":"https:\/\/clinicasmisalud.com\/es\/wp-json\/wp\/v2\/pages"}],"about":[{"href":"https:\/\/clinicasmisalud.com\/es\/wp-json\/wp\/v2\/types\/page"}],"author":[{"embeddable":true,"href":"https:\/\/clinicasmisalud.com\/es\/wp-json\/wp\/v2\/users\/1"}],"replies":[{"embeddable":true,"href":"https:\/\/clinicasmisalud.com\/es\/wp-json\/wp\/v2\/comments?post=13959"}],"version-history":[{"count":0,"href":"https:\/\/clinicasmisalud.com\/es\/wp-json\/wp\/v2\/pages\/13959\/revisions"}],"wp:featuredmedia":[{"embeddable":true,"href":"https:\/\/clinicasmisalud.com\/es\/wp-json\/wp\/v2\/media\/13996"}],"wp:attachment":[{"href":"https:\/\/clinicasmisalud.com\/es\/wp-json\/wp\/v2\/media?parent=13959"}],"curies":[{"name":"wp","href":"https:\/\/api.w.org\/{rel}","templated":true}]}}